{"id":7543,"date":"2023-08-16T15:18:09","date_gmt":"2023-08-16T15:18:09","guid":{"rendered":"https:\/\/bubbleslides.us\/?post_type=product&#038;p=7543"},"modified":"2024-04-17T07:55:16","modified_gmt":"2024-04-17T07:55:16","slug":"rosa-smiley-hausschuhe-mesh-rutschfest","status":"publish","type":"product","link":"https:\/\/bubbleslides.us\/de\/rosa-smiley-hausschuhe-mesh-rutschfest\/","title":{"rendered":"Rosa Smiley-Hausschuhe \u2013 rutschfestes Netz"},"content":{"rendered":"<p>Bereiten Sie sich auf ein neues Niveau an Komfort und Freude vor mit unseren Pink Smiley Face Slippers \u2013 Mesh Non-Slip, der ultimativen Schuhwahl f\u00fcr alle, die sowohl Stil als auch Funktionalit\u00e4t sch\u00e4tzen. Diese entz\u00fcckenden Hausschuhe bringen nicht nur einen Hauch von Farbe und Fr\u00f6hlichkeit in Ihren Alltag, sondern bieten auch unvergleichlichen Komfort und Halt, sodass Sie jeden Schritt mit Freude machen. Mit ihrem verspielten Smiley-Design, dem atmungsaktiven Netzgewebe und den rutschfesten Sohlen sind diese Hausschuhe die perfekte Kombination aus Verspieltheit und Funktionalit\u00e4t.<\/p>\n<p>Unsere Pink Smiley Face Slippers zeichnen sich durch ein lebendiges, auff\u00e4lliges Design aus, das das ikonische Smiley-Gesicht in einem bezaubernden, sanften Rosaton zeigt. Dieses fr\u00f6hliche Symbol des Gl\u00fccks steht auf einem leichten, atmungsaktiven Netzgewebe, wodurch ein Slipper entsteht, der nicht nur toll aussieht, sondern Ihre F\u00fc\u00dfe auch den ganzen Tag \u00fcber k\u00fchl und bequem h\u00e4lt. Das Netzmaterial erm\u00f6glicht eine hervorragende Luftzirkulation, verhindert, dass Ihre F\u00fc\u00dfe \u00fcberhitzen, und h\u00e4lt sie auch in den w\u00e4rmsten Monaten trocken und frisch. Verabschieden Sie sich von verschwitzten, unbequemen F\u00fc\u00dfen und begr\u00fc\u00dfen Sie den luftigen, luftigen Komfort unserer Pink Smiley Face Slippers.<\/p>\n<p>Aber diese Hausschuhe bieten mehr als nur Atmungsaktivit\u00e4t; dank ihrer rutschfesten Sohlen bieten sie auch au\u00dfergew\u00f6hnlichen Halt und Stabilit\u00e4t. Die Sohlen unserer Smiley Face-Hausschuhe sind aus einem strapazierf\u00e4higen, strukturierten Gummimaterial gefertigt und bieten hervorragenden Halt auf einer Vielzahl von Oberfl\u00e4chen, sodass Sie sich selbstbewusst und m\u00fchelos durch den Tag bewegen k\u00f6nnen. Egal, ob Sie auf Hartholzb\u00f6den, Fliesen oder Teppichen unterwegs sind, diese Hausschuhe geben Ihnen einen sicheren Stand und verringern das Risiko von Ausrutschern und St\u00fcrzen. Mit den Pink Smiley Face-Hausschuhen \u2013 rutschfestes Mesh k\u00f6nnen Sie die perfekte Mischung aus Komfort, Sicherheit und Stil genie\u00dfen.<\/p>\n<p>Wenn Sie in diese entz\u00fcckenden Hausschuhe schl\u00fcpfen, werden Sie sofort den Unterschied in Ihrer Stimmung und Ihrem allgemeinen Wohlbefinden bemerken. Die weiche, gepolsterte Innensohle umh\u00fcllt Ihre F\u00fc\u00dfe sanft, bietet ausreichend Halt und reduziert Druckstellen, w\u00e4hrend das atmungsaktive Netzgewebe Ihre F\u00fc\u00dfe k\u00fchl und bequem h\u00e4lt. Das verspielte Smiley-Design dient als st\u00e4ndige Erinnerung daran, das Leben mit einer positiven Einstellung anzugehen, und zaubert Ihnen bei jedem Blick auf Ihre F\u00fc\u00dfe ein L\u00e4cheln ins Gesicht. Ob Sie zu Hause entspannen, Besorgungen machen oder einfach einen entspannten Tag genie\u00dfen, unsere rosa Smiley-Hausschuhe \u2013 rutschfestes Netzgewebe sind die perfekten Begleiter, die Ihnen helfen, bei jedem Schritt Gl\u00fcck und Komfort zu genie\u00dfen.<\/p>\n<p>Aber verlassen Sie sich nicht nur auf unser Wort; h\u00f6ren Sie, was unsere begeisterten Kunden \u00fcber ihre Erfahrungen mit diesen Hausschuhen zu sagen haben. Emily aus New York ruft aus: \u201eIch bin absolut begeistert von meinen Pink Smiley Face Slippers! Sie sind nicht nur unglaublich s\u00fc\u00df und bequem, sondern die rutschfesten Sohlen geben mir auch ein gutes Gef\u00fchl, wenn ich in meinem Haus herumlaufe.\u201c David aus Los Angeles f\u00fcgt hinzu: \u201eIch h\u00e4tte nie gedacht, dass ich mich so \u00fcber ein Paar Hausschuhe freuen w\u00fcrde, aber diese hier haben mich v\u00f6llig \u00fcberzeugt. Das atmungsaktive Netz h\u00e4lt meine F\u00fc\u00dfe k\u00fchl und die Smileys erhellen meinen Tag immer.\u201c<\/p>\n<p>In einer Welt, in der Komfort, Stil und Gl\u00fcck oft wie ein Balanceakt erscheinen, bieten unsere Pink Smiley Face Slippers \u2013 Mesh Non-Slip die perfekte L\u00f6sung. Indem Sie Ihren F\u00fc\u00dfen die luxuri\u00f6se Weichheit, Unterst\u00fctzung und Atmungsaktivit\u00e4t dieser Hausschuhe g\u00f6nnen, investieren Sie in Ihr allgemeines Wohlbefinden und beginnen ein Leben voller Freude und Positivit\u00e4t. Worauf also warten? Erleben Sie noch heute das Gl\u00fcck und den Komfort unserer Pink Smiley Face Slippers \u2013 Mesh Non-Slip und entdecken Sie, welchen Unterschied ein einfaches L\u00e4cheln in Ihrem t\u00e4glichen Leben machen kann.<\/p>\n<p>Umarmen Sie das Gl\u00fcck, Schritt f\u00fcr Schritt, mit Pink Smiley Face Slippers \u2013 Mesh Non-Slip \u2013 der ultimativen Kombination aus Komfort, Stil und Positivit\u00e4t. Ihre F\u00fc\u00dfe (und Ihre Stimmung) werden es Ihnen danken!<\/p>","protected":false},"excerpt":{"rendered":"<p>Prepare to embrace a new level of comfort and joy with our Pink Smiley Face Slippers &#8211; Mesh Non-Slip, the ultimate footwear choice for those who prioritize both style and functionality. These delightful slippers not only bring a pop of color and cheerfulness to your everyday life but also provide unparalleled comfort and support, ensuring [&#8230;]\n","protected":false},"featured_media":7530,"comment_status":"open","ping_status":"closed","template":"","meta":[],"product_brand":[],"product_cat":[127,87,55,56],"product_tag":[91],"class_list":{"0":"post-7543","1":"product","2":"type-product","3":"status-publish","4":"has-post-thumbnail","6":"product_cat-smiley-face-slippers","7":"product_cat-bubble-slides-bathroom-non-slip-series","8":"product_cat-flip-flops-slides-for-women","9":"product_cat-flip-flops-slides-for-men","10":"product_tag-smiley-face-slippers","12":"first","13":"instock","14":"sale","15":"shipping-taxable","16":"purchasable","17":"product-type-variable","18":"has-default-attributes"},"_links":{"self":[{"href":"https:\/\/bubbleslides.us\/de\/wp-json\/wp\/v2\/product\/7543","targetHints":{"allow":["GET"]}}],"collection":[{"href":"https:\/\/bubbleslides.us\/de\/wp-json\/wp\/v2\/product"}],"about":[{"href":"https:\/\/bubbleslides.us\/de\/wp-json\/wp\/v2\/types\/product"}],"replies":[{"embeddable":true,"href":"https:\/\/bubbleslides.us\/de\/wp-json\/wp\/v2\/comments?post=7543"}],"wp:featuredmedia":[{"embeddable":true,"href":"https:\/\/bubbleslides.us\/de\/wp-json\/wp\/v2\/media\/7530"}],"wp:attachment":[{"href":"https:\/\/bubbleslides.us\/de\/wp-json\/wp\/v2\/media?parent=7543"}],"wp:term":[{"taxonomy":"product_brand","embeddable":true,"href":"https:\/\/bubbleslides.us\/de\/wp-json\/wp\/v2\/product_brand?post=7543"},{"taxonomy":"product_cat","embeddable":true,"href":"https:\/\/bubbleslides.us\/de\/wp-json\/wp\/v2\/product_cat?post=7543"},{"taxonomy":"product_tag","embeddable":true,"href":"https:\/\/bubbleslides.us\/de\/wp-json\/wp\/v2\/product_tag?post=7543"}],"curies":[{"name":"wp","href":"https:\/\/api.w.org\/{rel}","templated":true}]}}