{"id":7541,"date":"2023-08-16T15:16:15","date_gmt":"2023-08-16T15:16:15","guid":{"rendered":"https:\/\/bubbleslides.us\/?post_type=product&#038;p=7541"},"modified":"2024-04-17T07:56:33","modified_gmt":"2024-04-17T07:56:33","slug":"graue-smiley-face-pantoffeln-mesh-rutschfest","status":"publish","type":"product","link":"https:\/\/bubbleslides.us\/de\/graue-smiley-face-pantoffeln-mesh-rutschfest\/","title":{"rendered":"Graue Smiley-Hausschuhe \u2013 rutschfestes Mesh"},"content":{"rendered":"<p class=\"md-end-block md-p\"><span class=\"md-plain md-expand\">Genie\u00dfen Sie Komfort und positive Stimmung mit den grauen Hausschuhen mit Smiley-Motiv \u2013 rutschfestes Netzgewebe<\/span><\/p>\n<p class=\"md-end-block md-p\"><span class=\"md-plain\">Entdecken Sie die perfekte Mischung aus Stil, Komfort und Freude mit unseren grauen Smiley-Hausschuhen \u2013 rutschfestes Netzgewebe, die ultimative Schuhwahl f\u00fcr alle, die sowohl Funktionalit\u00e4t als auch eine fr\u00f6hliche Lebenseinstellung sch\u00e4tzen. Diese bezaubernden Hausschuhe bieten nicht nur unvergleichlichen Komfort und Halt, sondern bringen auch einen Hauch von Laune und Positivit\u00e4t in Ihren Alltag. Mit ihrem verspielten Smiley-Design, dem atmungsaktiven Netzgewebe und den rutschfesten Sohlen sind diese Hausschuhe der ideale Begleiter f\u00fcr alle, die bei jedem Schritt Freude und Komfort sp\u00fcren m\u00f6chten.<\/span><\/p>\n<p class=\"md-end-block md-p\"><span class=\"md-plain\">Unsere grauen Smiley-Hausschuhe zeichnen sich durch ein dezentes, aber dennoch auff\u00e4lliges Design aus, das das ikonische Smiley-Gesicht in einem raffinierten, hellgrauen Farbton zeigt. Dieses fr\u00f6hliche Symbol des Gl\u00fccks steht im Kontrast zu einem leichten, atmungsaktiven Netzgewebe und ergibt einen Hausschuh, der m\u00fchelos Stil und Funktionalit\u00e4t vereint. Das Netzmaterial erm\u00f6glicht eine hervorragende Luftzirkulation und sorgt daf\u00fcr, dass Ihre F\u00fc\u00dfe den ganzen Tag \u00fcber k\u00fchl, trocken und bequem bleiben, selbst in den w\u00e4rmsten Monaten. Verabschieden Sie sich von verschwitzten, unbequemen F\u00fc\u00dfen und begr\u00fc\u00dfen Sie den erfrischenden, luftigen Komfort unserer grauen Smiley-Hausschuhe.<\/span><\/p>\n<p class=\"md-end-block md-p\"><span class=\"md-plain\">Aber diese Hausschuhe bieten mehr als nur Atmungsaktivit\u00e4t; dank ihrer rutschfesten Sohlen bieten sie auch au\u00dfergew\u00f6hnlichen Halt und Stabilit\u00e4t. Die Sohlen unserer Smiley Face-Hausschuhe sind aus einem strapazierf\u00e4higen, strukturierten Gummimaterial gefertigt und bieten hervorragenden Halt auf einer Vielzahl von Oberfl\u00e4chen, sodass Sie Ihren Tag selbstbewusst und m\u00fchelos verbringen k\u00f6nnen. Egal, ob Sie auf Hartholzb\u00f6den, Fliesen oder Teppichen unterwegs sind, diese Hausschuhe geben Ihnen einen sicheren Stand und minimieren das Risiko von Ausrutschern und St\u00fcrzen. Mit den grauen Smiley Face-Hausschuhen \u2013 rutschfestes Mesh k\u00f6nnen Sie die perfekte Kombination aus Komfort, Sicherheit und Stil genie\u00dfen.<\/span><\/p>\n<p class=\"md-end-block md-p\"><span class=\"md-plain\">Wenn Sie in diese entz\u00fcckenden Hausschuhe schl\u00fcpfen, werden Sie sofort den Unterschied in Ihrer Stimmung und Ihrem allgemeinen Wohlbefinden sp\u00fcren. Die weiche, gepolsterte Innensohle umh\u00fcllt Ihre F\u00fc\u00dfe sanft, bietet ausreichend Halt und reduziert Druckstellen, w\u00e4hrend das atmungsaktive Netzgewebe Ihre F\u00fc\u00dfe k\u00fchl und bequem h\u00e4lt. Das verspielte Smiley-Design dient als st\u00e4ndige Erinnerung daran, das Leben mit einer positiven Einstellung anzugehen, und zaubert Ihnen bei jedem Blick auf Ihre F\u00fc\u00dfe ein L\u00e4cheln ins Gesicht. Ob Sie zu Hause entspannen, Besorgungen machen oder einfach einen entspannten Tag genie\u00dfen, unsere grauen Smiley-Hausschuhe \u2013 rutschfestes Netzgewebe sind die perfekten Begleiter, die Ihnen helfen, bei jedem Schritt Gl\u00fcck und Komfort zu genie\u00dfen.<\/span><\/p>\n<p class=\"md-end-block md-p\"><span class=\"md-plain\">Aber verlassen Sie sich nicht nur auf unser Wort; lesen Sie, was unsere zufriedenen Kunden \u00fcber ihre Erfahrungen mit diesen Hausschuhen zu sagen haben. Jessica aus Chicago erz\u00e4hlt: \u201eIch liebe meine grauen Hausschuhe mit Smiley-Gesicht! Sie sind so bequem und die rutschfesten Sohlen geben mir das Selbstvertrauen, sie im Haus zu tragen, ohne Angst haben zu m\u00fcssen, dass ich ausrutsche.\u201c Michael aus Miami f\u00fcgt hinzu: \u201eDiese Hausschuhe sind zu meinem Lieblingsst\u00fcck geworden, was Komfort und Stil angeht. Das atmungsaktive Netzgewebe h\u00e4lt meine F\u00fc\u00dfe k\u00fchl und die Smileys zaubern mir immer ein L\u00e4cheln ins Gesicht.\u201c<\/span><\/p>\n<p class=\"md-end-block md-p\"><span class=\"md-plain\">In einer Welt, in der Komfort, Stil und Gl\u00fcck oft wie ein Balanceakt erscheinen, bieten unsere grauen Hausschuhe mit Smiley-Gesicht \u2013 rutschfestes Mesh die perfekte L\u00f6sung. Indem Sie Ihren F\u00fc\u00dfen die luxuri\u00f6se Weichheit, Unterst\u00fctzung und Atmungsaktivit\u00e4t dieser Hausschuhe g\u00f6nnen, investieren Sie in Ihr allgemeines Wohlbefinden und beginnen ein Leben voller Freude und Positivit\u00e4t. Worauf also warten? Erleben Sie noch heute das Gl\u00fcck und den Komfort unserer grauen Hausschuhe mit Smiley-Gesicht \u2013 rutschfestes Mesh und entdecken Sie den Unterschied, den ein einfaches L\u00e4cheln in Ihrem t\u00e4glichen Leben machen kann.<\/span><\/p>\n<p class=\"md-end-block md-p md-focus\"><span class=\"md-plain md-expand\">Umarmen Sie das Gl\u00fcck, Schritt f\u00fcr Schritt, mit den grauen Smiley-Hausschuhen \u2013 rutschfestes Mesh \u2013 die ultimative Kombination aus Komfort, Stil und Positivit\u00e4t. Ihre F\u00fc\u00dfe (und Ihre Stimmung) werden es Ihnen danken!<\/span><\/p>","protected":false},"excerpt":{"rendered":"<p>Embrace Comfort and Positivity with Grey Smiley Face Slippers &#8211; Mesh Non-Slip Discover the perfect blend of style, comfort, and joy with our Grey Smiley Face Slippers &#8211; Mesh Non-Slip, the ultimate footwear choice for those who value both functionality and a cheerful outlook on life. These charming slippers not only provide unparalleled comfort and [&#8230;]\n","protected":false},"featured_media":7531,"comment_status":"open","ping_status":"closed","template":"","meta":[],"product_brand":[],"product_cat":[127,87,55,56],"product_tag":[91],"class_list":{"0":"post-7541","1":"product","2":"type-product","3":"status-publish","4":"has-post-thumbnail","6":"product_cat-smiley-face-slippers","7":"product_cat-bubble-slides-bathroom-non-slip-series","8":"product_cat-flip-flops-slides-for-women","9":"product_cat-flip-flops-slides-for-men","10":"product_tag-smiley-face-slippers","12":"first","13":"instock","14":"sale","15":"shipping-taxable","16":"purchasable","17":"product-type-variable","18":"has-default-attributes"},"_links":{"self":[{"href":"https:\/\/bubbleslides.us\/de\/wp-json\/wp\/v2\/product\/7541","targetHints":{"allow":["GET"]}}],"collection":[{"href":"https:\/\/bubbleslides.us\/de\/wp-json\/wp\/v2\/product"}],"about":[{"href":"https:\/\/bubbleslides.us\/de\/wp-json\/wp\/v2\/types\/product"}],"replies":[{"embeddable":true,"href":"https:\/\/bubbleslides.us\/de\/wp-json\/wp\/v2\/comments?post=7541"}],"wp:featuredmedia":[{"embeddable":true,"href":"https:\/\/bubbleslides.us\/de\/wp-json\/wp\/v2\/media\/7531"}],"wp:attachment":[{"href":"https:\/\/bubbleslides.us\/de\/wp-json\/wp\/v2\/media?parent=7541"}],"wp:term":[{"taxonomy":"product_brand","embeddable":true,"href":"https:\/\/bubbleslides.us\/de\/wp-json\/wp\/v2\/product_brand?post=7541"},{"taxonomy":"product_cat","embeddable":true,"href":"https:\/\/bubbleslides.us\/de\/wp-json\/wp\/v2\/product_cat?post=7541"},{"taxonomy":"product_tag","embeddable":true,"href":"https:\/\/bubbleslides.us\/de\/wp-json\/wp\/v2\/product_tag?post=7541"}],"curies":[{"name":"wp","href":"https:\/\/api.w.org\/{rel}","templated":true}]}}