{"id":7537,"date":"2023-08-16T15:07:12","date_gmt":"2023-08-16T15:07:12","guid":{"rendered":"https:\/\/bubbleslides.us\/?post_type=product&#038;p=7537"},"modified":"2024-04-17T08:00:36","modified_gmt":"2024-04-17T08:00:36","slug":"rot-smiley-hausschuhe-mesh-rutschfest","status":"publish","type":"product","link":"https:\/\/bubbleslides.us\/de\/rot-smiley-hausschuhe-mesh-rutschfest\/","title":{"rendered":"Rote Hausschuhe mit Smiley-Gesicht \u2013 rutschfestes Netzgewebe"},"content":{"rendered":"<p>Mit diesen roten Hausschuhen mit Smiley-Motiv \u2013 rutschfestes Netzgewebe \u2013 sind Sie bei jedem Schritt gl\u00fccklich<\/p>\n<p>Machen Sie sich bereit, in eine Welt voller Komfort, Stil und purer Freude einzutreten \u2013 mit unseren roten Smiley-Hausschuhen \u2013 rutschfestes Netzgewebe. Diese farbenfrohen Hausschuhe bringen Farbe und eine Portion Positivit\u00e4t in Ihren Alltag und bieten gleichzeitig un\u00fcbertroffenen Komfort und Halt. Mit ihrem verspielten Smiley-Design, dem atmungsaktiven Netzgewebe und den rutschfesten Sohlen sind diese Hausschuhe die perfekte Wahl f\u00fcr alle, die bei jedem Schritt Freude und Komfort sp\u00fcren m\u00f6chten.<\/p>\n<p>Unsere roten Smiley-Hausschuhe zeichnen sich durch ein auff\u00e4lliges Design aus, das das ikonische Smiley-Gesicht in einem lebendigen Rotton zeigt. Dieses fr\u00f6hliche Symbol des Gl\u00fccks hebt sich von dem leichten, atmungsaktiven Netzgewebe ab und schafft einen Hausschuh, der m\u00fchelos Stil und Funktionalit\u00e4t vereint. Das Netzmaterial erm\u00f6glicht eine hervorragende Luftzirkulation und sorgt daf\u00fcr, dass Ihre F\u00fc\u00dfe den ganzen Tag \u00fcber k\u00fchl, trocken und bequem bleiben, selbst in den w\u00e4rmsten Monaten. Verabschieden Sie sich von verschwitzten, unbequemen F\u00fc\u00dfen und begr\u00fc\u00dfen Sie den erfrischenden, luftigen Komfort unserer roten Smiley-Hausschuhe.<\/p>\n<p>Aber diese Hausschuhe bieten mehr als nur Atmungsaktivit\u00e4t; dank ihrer rutschfesten Sohlen bieten sie auch au\u00dfergew\u00f6hnlichen Halt und Stabilit\u00e4t. Die Sohlen unserer Smiley Face-Hausschuhe sind aus einem strapazierf\u00e4higen, strukturierten Gummimaterial gefertigt und bieten hervorragenden Halt auf einer Vielzahl von Oberfl\u00e4chen, sodass Sie Ihren Tag selbstbewusst und m\u00fchelos verbringen k\u00f6nnen. Egal, ob Sie auf Hartholzb\u00f6den, Fliesen oder Teppichen unterwegs sind, diese Hausschuhe geben Ihnen Halt und minimieren das Risiko von Ausrutschern und St\u00fcrzen. Mit den roten Smiley Face-Hausschuhen \u2013 rutschfestes Mesh k\u00f6nnen Sie die perfekte Kombination aus Komfort, Sicherheit und Stil genie\u00dfen.<\/p>\n<p>Wenn Sie in diese entz\u00fcckenden Hausschuhe schl\u00fcpfen, werden Sie sofort den Unterschied in Ihrer Stimmung und Ihrem allgemeinen Wohlbefinden sp\u00fcren. Die weiche, gepolsterte Innensohle umh\u00fcllt Ihre F\u00fc\u00dfe sanft, bietet ausreichend Halt und reduziert Druckstellen, w\u00e4hrend das atmungsaktive Netzgewebe Ihre F\u00fc\u00dfe k\u00fchl und bequem h\u00e4lt. Das verspielte Smiley-Design dient als st\u00e4ndige Erinnerung daran, das Leben mit einer positiven Einstellung anzugehen, und zaubert Ihnen bei jedem Blick auf Ihre F\u00fc\u00dfe ein L\u00e4cheln ins Gesicht. Ob Sie zu Hause entspannen, Besorgungen machen oder einfach einen entspannten Tag genie\u00dfen, unsere roten Smiley-Hausschuhe \u2013 rutschfestes Netzgewebe sind die perfekten Begleiter, die Ihnen helfen, bei jedem Schritt Gl\u00fcck und Komfort zu genie\u00dfen.<\/p>\n<p>Aber verlassen Sie sich nicht nur auf unser Wort; lesen Sie, was unsere begeisterten Kunden \u00fcber ihre Erfahrungen mit diesen Hausschuhen zu sagen haben. Olivia aus Boston ruft aus: \u201eIch liebe meine roten Hausschuhe mit Smiley-Gesicht! Sie sind so bequem und die rutschfesten Sohlen geben mir das Selbstvertrauen, sie im Haus zu tragen, ohne Angst haben zu m\u00fcssen, dass ich ausrutsche.\u201c Jason aus San Francisco f\u00fcgt hinzu: \u201eDiese Hausschuhe sind zu meinem Lieblingsschuh geworden, was Komfort und Stil angeht. Das atmungsaktive Netz h\u00e4lt meine F\u00fc\u00dfe k\u00fchl und die Smileys zaubern mir immer ein L\u00e4cheln ins Gesicht.\u201c<\/p>\n<p>In einer Welt, in der Komfort, Stil und Gl\u00fcck oft wie ein Balanceakt erscheinen, bieten unsere roten Smiley-Hausschuhe \u2013 rutschfestes Mesh die perfekte L\u00f6sung. Indem Sie Ihren F\u00fc\u00dfen die luxuri\u00f6se Weichheit, Unterst\u00fctzung und Atmungsaktivit\u00e4t dieser Hausschuhe g\u00f6nnen, investieren Sie in Ihr allgemeines Wohlbefinden und beginnen ein Leben voller Freude und Positivit\u00e4t. Worauf also warten? Erleben Sie noch heute das Gl\u00fcck und den Komfort unserer roten Smiley-Hausschuhe \u2013 rutschfestes Mesh und entdecken Sie den Unterschied, den ein einfaches L\u00e4cheln in Ihrem t\u00e4glichen Leben machen kann.<\/p>\n<p>Umarmen Sie das Gl\u00fcck, Schritt f\u00fcr Schritt, mit den roten Smiley-Hausschuhen \u2013 rutschfestes Mesh \u2013 die ultimative Kombination aus Komfort, Stil und Positivit\u00e4t. Ihre F\u00fc\u00dfe (und Ihre Stimmung) werden es Ihnen danken!<\/p>","protected":false},"excerpt":{"rendered":"<p>Embrace Happiness with Every Step in Red Smiley Face Slippers &#8211; Mesh Non-Slip Get ready to step into a world of comfort, style, and pure joy with our Red Smiley Face Slippers &#8211; Mesh Non-Slip. These vibrant slippers are designed to bring a pop of color and a dose of positivity to your everyday life [&#8230;]\n","protected":false},"featured_media":7533,"comment_status":"open","ping_status":"closed","template":"","meta":[],"product_brand":[],"product_cat":[127,87,55,56],"product_tag":[91],"class_list":{"0":"post-7537","1":"product","2":"type-product","3":"status-publish","4":"has-post-thumbnail","6":"product_cat-smiley-face-slippers","7":"product_cat-bubble-slides-bathroom-non-slip-series","8":"product_cat-flip-flops-slides-for-women","9":"product_cat-flip-flops-slides-for-men","10":"product_tag-smiley-face-slippers","12":"first","13":"instock","14":"sale","15":"shipping-taxable","16":"purchasable","17":"product-type-variable","18":"has-default-attributes"},"_links":{"self":[{"href":"https:\/\/bubbleslides.us\/de\/wp-json\/wp\/v2\/product\/7537","targetHints":{"allow":["GET"]}}],"collection":[{"href":"https:\/\/bubbleslides.us\/de\/wp-json\/wp\/v2\/product"}],"about":[{"href":"https:\/\/bubbleslides.us\/de\/wp-json\/wp\/v2\/types\/product"}],"replies":[{"embeddable":true,"href":"https:\/\/bubbleslides.us\/de\/wp-json\/wp\/v2\/comments?post=7537"}],"wp:featuredmedia":[{"embeddable":true,"href":"https:\/\/bubbleslides.us\/de\/wp-json\/wp\/v2\/media\/7533"}],"wp:attachment":[{"href":"https:\/\/bubbleslides.us\/de\/wp-json\/wp\/v2\/media?parent=7537"}],"wp:term":[{"taxonomy":"product_brand","embeddable":true,"href":"https:\/\/bubbleslides.us\/de\/wp-json\/wp\/v2\/product_brand?post=7537"},{"taxonomy":"product_cat","embeddable":true,"href":"https:\/\/bubbleslides.us\/de\/wp-json\/wp\/v2\/product_cat?post=7537"},{"taxonomy":"product_tag","embeddable":true,"href":"https:\/\/bubbleslides.us\/de\/wp-json\/wp\/v2\/product_tag?post=7537"}],"curies":[{"name":"wp","href":"https:\/\/api.w.org\/{rel}","templated":true}]}}