{"id":7499,"date":"2023-08-16T13:02:08","date_gmt":"2023-08-16T13:02:08","guid":{"rendered":"https:\/\/bubbleslides.us\/?post_type=product&#038;p=7499"},"modified":"2024-03-14T10:37:48","modified_gmt":"2024-03-14T10:37:48","slug":"grauer-bubble-slides-massageball-rutschfeste-edition","status":"publish","type":"product","link":"https:\/\/bubbleslides.us\/de\/grauer-bubble-slides-massageball-rutschfeste-edition\/","title":{"rendered":"Grauer Bubble Slides Massageball, rutschfeste Edition"},"content":{"rendered":"<h5>Bubble Slides \u2013 Ein himmlisches Erlebnis f\u00fcr Ihre F\u00fc\u00dfe<\/h5>\n<p>Lindern Sie Verspannungen mit schlichter Eleganz in der grauen Bubble Slides-Massageball-Anti-Rutsch-Edition<\/p>\n<p>Mit der stromlinienf\u00f6rmigen Einfachheit des grauen Bubble Slides-Massageballs in der rutschfesten Edition k\u00f6nnen Sie den Stress hinter sich lassen. Dieses vielseitige Design besteht aus leichtem EVA-Schaum mit eingebetteten Massageknoten und lindert die Strapazen des Alltags, egal wohin die Verpflichtungen f\u00fchren.<\/p>\n<p>Ein ruhiger Kohleton sorgt f\u00fcr eine gelassene Eleganz. Im Inneren warten Reihen therapeutischer Massageb\u00e4lle darauf, bei jeder leichten Bewegung Druckpunkte zu aktivieren. Das ma\u00dfgeschneiderte Stofffutter umschlie\u00dft die F\u00fc\u00dfe mit einer weichen Polsterung, die von morgens bis abends h\u00e4lt.<\/p>\n<p>Ein elastischer Kn\u00f6chelhalt sorgt daf\u00fcr, dass die F\u00fc\u00dfe bequem und dennoch flexibel fixiert sind. Selbstknetende kreisf\u00f6rmige Knoten in der gepolsterten Dual-Density-Sohle l\u00f6sen Knoten, egal ob Sie zu Hause, im B\u00fcro oder dar\u00fcber hinaus unterwegs sind. Strategisch platzierte Massagezonen l\u00f6sen gezielt Verspannungen von der Ferse bis zu den Zehen.<\/p>\n<p>Strukturierte Gumminoppen, die die rutschfeste Sohle dicht auskleiden, sorgen f\u00fcr zuverl\u00e4ssige Traktion auf jedem Gel\u00e4nde. Die Trittsicherheit bleibt konstant, egal, ob es regnet oder scheint, ob nass oder trocken. Entw\u00e4sserungskan\u00e4le leiten Tropfen schnell ab, um ein sicheres Gef\u00fchl unter den F\u00fc\u00dfen zu gew\u00e4hrleisten.<\/p>\n<p>Perforationen im atmungsaktiven Obermaterial zirkulieren k\u00fchlenden Seitenwind und regulieren so die Innentemperatur. Der offene Zehenzugang maximiert die Luftzirkulation genau dort, wo oft Entlastung am meisten ben\u00f6tigt wird. Eingebaute Massagemotoren lindern den Stress, der mit typischen Bewegungen bei gesch\u00e4ftigsten Routinen einhergeht.<\/p>\n<p>Die elegante Architektur sorgt f\u00fcr einen reibungslosen Spannungsabbau vom fr\u00fchen Morgen bis in die sp\u00e4ten N\u00e4chte. Gezielte Kompression f\u00f6rdert die Entspannung, ohne begrenzte Reserven zu ersch\u00f6pfen. Entdecken Sie die \u00fcberlegenen M\u00f6glichkeiten der Einfachheit zur proaktiven Vorbeugung gegen gro\u00dfe und kleine Belastungen.<\/p>\n<p>Erleben Sie die Gelassenheit, die einsame Eleganz jeden Schritt des Weges mit dem grauen Bubble Slides Massageball Non-Slip Edition begleitet! Kontrollierte Massagen l\u00f6sen Verspannungen innerhalb der Grundbewegungen.<\/p>","protected":false},"excerpt":{"rendered":"<p>Bubble Slides &#8211; A Heavenly Experience for Your Feet Soothe Away Tension with Simplistic Elegance in the Grey Bubble Slides Massage Ball Non-Slip Edition Leave stresses at the door with the streamlined simplicity of the Grey Bubble Slides Massage Ball Non-Slip Edition. Constructed from lightweight EVA foam cradling embedded massage nodes, this versatile design soothes [&#8230;]\n","protected":false},"featured_media":7505,"comment_status":"open","ping_status":"closed","template":"","meta":[],"product_brand":[],"product_cat":[72,87],"product_tag":[84],"class_list":{"0":"post-7499","1":"product","2":"type-product","3":"status-publish","4":"has-post-thumbnail","6":"product_cat-grey-bubble-slides","7":"product_cat-bubble-slides-bathroom-non-slip-series","8":"product_tag-bubble-slides","10":"first","11":"instock","12":"sale","13":"shipping-taxable","14":"purchasable","15":"product-type-variable","16":"has-default-attributes"},"_links":{"self":[{"href":"https:\/\/bubbleslides.us\/de\/wp-json\/wp\/v2\/product\/7499","targetHints":{"allow":["GET"]}}],"collection":[{"href":"https:\/\/bubbleslides.us\/de\/wp-json\/wp\/v2\/product"}],"about":[{"href":"https:\/\/bubbleslides.us\/de\/wp-json\/wp\/v2\/types\/product"}],"replies":[{"embeddable":true,"href":"https:\/\/bubbleslides.us\/de\/wp-json\/wp\/v2\/comments?post=7499"}],"wp:featuredmedia":[{"embeddable":true,"href":"https:\/\/bubbleslides.us\/de\/wp-json\/wp\/v2\/media\/7505"}],"wp:attachment":[{"href":"https:\/\/bubbleslides.us\/de\/wp-json\/wp\/v2\/media?parent=7499"}],"wp:term":[{"taxonomy":"product_brand","embeddable":true,"href":"https:\/\/bubbleslides.us\/de\/wp-json\/wp\/v2\/product_brand?post=7499"},{"taxonomy":"product_cat","embeddable":true,"href":"https:\/\/bubbleslides.us\/de\/wp-json\/wp\/v2\/product_cat?post=7499"},{"taxonomy":"product_tag","embeddable":true,"href":"https:\/\/bubbleslides.us\/de\/wp-json\/wp\/v2\/product_tag?post=7499"}],"curies":[{"name":"wp","href":"https:\/\/api.w.org\/{rel}","templated":true}]}}