{"id":7494,"date":"2023-08-16T12:55:10","date_gmt":"2023-08-16T12:55:10","guid":{"rendered":"https:\/\/bubbleslides.us\/?post_type=product&#038;p=7494"},"modified":"2024-03-14T13:38:57","modified_gmt":"2024-03-14T13:38:57","slug":"black-bubble-slides-massage-ball-non-slip-edition","status":"publish","type":"product","link":"https:\/\/bubbleslides.us\/de\/black-bubble-slides-massage-ball-non-slip-edition\/","title":{"rendered":"Schwarzer Bubble Slides Massageball, rutschfeste Edition"},"content":{"rendered":"<h5>Bubble Slides \u2013 Ein himmlisches Erlebnis f\u00fcr Ihre F\u00fc\u00dfe<\/h5>\n<p>L\u00f6sen Sie Verspannungen bei jedem Schritt mit dem schwarzen Bubble Slides-Massageball in rutschfester Ausf\u00fchrung<\/p>\n<p>Entfliehen Sie dem Stress sofort mit der gezielten Spannungslinderung bei jedem Schritt des Black Bubble Slides Massage Ball Non-Slip Edition. Dieses innovative Design besteht aus leichtem EVA-Schaum, der die therapeutischen Massageknoten umschlie\u00dft, und lindert Abnutzungserscheinungen von Kopf bis Fu\u00df, wo auch immer die t\u00e4glichen Bewegungen stattfinden.<\/p>\n<p>Glattes Tiefschwarz sorgt f\u00fcr sanfte Eleganz und beherbergt diskret Reihen zarter Massageb\u00e4lle. Ein weiches, wildleder\u00e4hnliches Futter umschlie\u00dft die F\u00fc\u00dfe mit ma\u00dfgeschneidertem, anschmiegsamem Komfort, der f\u00fcr den Schichtbetrieb unterwegs konzipiert ist. Gezielte kreisf\u00f6rmige Knoten, die in die gepolsterte Zwischensohle mit doppelter Dichte eingebettet sind, beseitigen Knoten bei jeder Bewegung von der Achillessehne bis zu den Zehen.<\/p>\n<p>Ein elastischer Kn\u00f6chelriemen h\u00e4lt die F\u00fc\u00dfe sicher und dennoch flexibel an Ort und Stelle. Selbstmassierende Druckpunkte lindern die M\u00fcdigkeit, egal ob Sie durch den Laden schlendern oder die Umgebung erkunden. Entw\u00e4sserungsrillen leiten Tropfen im Handumdrehen ab, um die Traktion auf jedem Untergrund, vom Teppich bis zur Fliese und dar\u00fcber hinaus, aufrechtzuerhalten.<\/p>\n<p>Gumminoppen, die die rutschfeste Au\u00dfensohle dicht bedecken, sorgen f\u00fcr sichere Kontrolle auf glatten und strukturierten Oberfl\u00e4chen. Die hervorragende Griffigkeit bleibt konstant, unabh\u00e4ngig von den Elementen, ob Regen oder Sonnenschein, N\u00e4sse oder Trockenheit. Erfrischende Seitenwinde str\u00f6men durch Perforationen und sorgen bei steigender K\u00f6rperw\u00e4rme f\u00fcr einen gut bel\u00fcfteten Innenraum.<\/p>\n<p>Der offene Zugang an den Zehen verst\u00e4rkt diesen nat\u00fcrlichen Luftstrom dort, wo Beruhigung oft am meisten ben\u00f6tigt wird. Eingebaute Massagemotoren beleben durch routinem\u00e4\u00dfige Bewegungen, anstatt die Muskeln zu erm\u00fcden. Sleekarchitecture wechselt m\u00fchelos vom Tag zum Abend und l\u00f6st Spannungen, ohne dass die Produktivit\u00e4t beeintr\u00e4chtigt werden muss.<\/p>\n<p>Ber\u00fchmtheiten und Millionen loben, wie diese einzigartigen Rutschen das Wohlbefinden vom Anfang bis zum Ende des Tages erneuern. Spezielle kreisf\u00f6rmige Knoten bearbeiten Spannungen, die mit typischen Bewegungen verbunden sind. Schl\u00fcpfen Sie in die proaktive, vorbeugende Selbstpflege, die Sie auch w\u00e4hrend des vollen Terminkalenders im eleganten, rutschfesten Stil tragen.<\/p>\n<p>Erleben Sie unbesiegbaren Stressabbau, der untrennbar mit jeder Aktion verbunden ist, verpackt in einem stabilen und dennoch vielseitigen Wellness-Tool \u2013 dem Black Bubble Slides Massageball Non-Slip Edition!<\/p>","protected":false},"excerpt":{"rendered":"<p>Bubble Slides &#8211; A Heavenly Experience for Your Feet Relieve Tension with Every Step in the Black Bubble Slides Massage Ball Non-Slip Edition Escape stress instantly with targeted tension relief in every stride of the Black Bubble Slides Massage Ball Non-Slip Edition. Crafted from lightweight EVA foam cradling therapeutic massage nodes, this innovative design soothes [&#8230;]\n","protected":false},"featured_media":7496,"comment_status":"open","ping_status":"closed","template":"","meta":[],"product_brand":[],"product_cat":[62,87],"product_tag":[84],"class_list":{"0":"post-7494","1":"product","2":"type-product","3":"status-publish","4":"has-post-thumbnail","6":"product_cat-black-bubble-slides","7":"product_cat-bubble-slides-bathroom-non-slip-series","8":"product_tag-bubble-slides","10":"first","11":"instock","12":"sale","13":"shipping-taxable","14":"purchasable","15":"product-type-variable","16":"has-default-attributes"},"_links":{"self":[{"href":"https:\/\/bubbleslides.us\/de\/wp-json\/wp\/v2\/product\/7494","targetHints":{"allow":["GET"]}}],"collection":[{"href":"https:\/\/bubbleslides.us\/de\/wp-json\/wp\/v2\/product"}],"about":[{"href":"https:\/\/bubbleslides.us\/de\/wp-json\/wp\/v2\/types\/product"}],"replies":[{"embeddable":true,"href":"https:\/\/bubbleslides.us\/de\/wp-json\/wp\/v2\/comments?post=7494"}],"wp:featuredmedia":[{"embeddable":true,"href":"https:\/\/bubbleslides.us\/de\/wp-json\/wp\/v2\/media\/7496"}],"wp:attachment":[{"href":"https:\/\/bubbleslides.us\/de\/wp-json\/wp\/v2\/media?parent=7494"}],"wp:term":[{"taxonomy":"product_brand","embeddable":true,"href":"https:\/\/bubbleslides.us\/de\/wp-json\/wp\/v2\/product_brand?post=7494"},{"taxonomy":"product_cat","embeddable":true,"href":"https:\/\/bubbleslides.us\/de\/wp-json\/wp\/v2\/product_cat?post=7494"},{"taxonomy":"product_tag","embeddable":true,"href":"https:\/\/bubbleslides.us\/de\/wp-json\/wp\/v2\/product_tag?post=7494"}],"curies":[{"name":"wp","href":"https:\/\/api.w.org\/{rel}","templated":true}]}}