{"id":7479,"date":"2023-08-16T12:32:23","date_gmt":"2023-08-16T12:32:23","guid":{"rendered":"https:\/\/bubbleslides.us\/?post_type=product&#038;p=7479"},"modified":"2025-10-07T03:01:00","modified_gmt":"2025-10-07T03:01:00","slug":"olive-bubble-slides-badezimmer-rutschfest","status":"publish","type":"product","link":"https:\/\/bubbleslides.us\/de\/olive-bubble-slides-badezimmer-rutschfest\/","title":{"rendered":"Olive Bubble Slides Badezimmer rutschfest"},"content":{"rendered":"<h5>Bubble Slides \u2013 Ein himmlisches Erlebnis f\u00fcr Ihre F\u00fc\u00dfe<\/h5>\n<p>Pflegen Sie Ihre F\u00fc\u00dfe mit nat\u00fcrlichem Komfort im rutschfesten Badezimmer Olive Bubble Slides<\/p>\n<p>Verleihen Sie Ihrer Hygieneroutine ein erdiges Element des Schutzes mit dem rutschfesten Olive Bubble Slides f\u00fcr das Badezimmer. Hergestellt aus leichtem, atmungsaktivem EVA-Schaum, akzentuiert durch eine strukturierte, rutschfeste Au\u00dfensohle, sch\u00fctzt diese organische olivgr\u00fcne Edition Ihre Schritte sowohl drinnen als auch drau\u00dfen.<\/p>\n<p>Ein einladender Weizengras-Farbton spiegelt die geerdeten T\u00f6ne der Natur wider. Im Inneren umh\u00fcllt ein geschmeidiges, wildleder\u00e4hnliches Stofffutter die F\u00fc\u00dfe mit einer wohltuenden, nat\u00fcrlichen Umarmung, die den ganzen Tag \u00fcber f\u00fcr d\u00e4mpfenden Komfort sorgt. Ein elastischer Riemen h\u00e4lt jeden Fu\u00df sicher und dennoch flexibel und sorgt so f\u00fcr Stabilit\u00e4t, wo auch immer nasse F\u00fc\u00dfe unterwegs sind.<\/p>\n<p>Stabile Unterst\u00fctzung des Fu\u00dfgew\u00f6lbes und Aufprallschutz ergeben sich aus einer strategisch entwickelten Dual-Density-Zwischensohlenkonstruktion. Eine verst\u00e4rkte Fersenkappe f\u00f6rdert eine ausgewogene Laufform, w\u00e4hrend eine weichere Vorfu\u00dfzone den Druck absorbiert und m\u00fcde F\u00fc\u00dfe sch\u00fctzt. Abgeschr\u00e4gte Seitenw\u00e4nde sorgen f\u00fcr zus\u00e4tzlichen Kn\u00f6chelschutz auf feuchtem Untergrund. Gut gepolstert und dennoch luftig, die F\u00fc\u00dfe f\u00fchlen sich bei jedem Schritt gest\u00fctzt.<\/p>\n<p>Tiefge\u00e4tzte dreieckige Gumminoppen, die die Au\u00dfensohle vollst\u00e4ndig bedecken, sorgen f\u00fcr un\u00fcbertroffene Nass-\/Trockentraktion, geeignet f\u00fcr Fliesen, Porzellan und mehr. Die Kan\u00e4le leiten das Wasser schnell ab, um im Innen- und Au\u00dfenbereich einen sicheren Halt zu gew\u00e4hrleisten. Greifende F\u00fc\u00dfe bleiben an Bord, egal ob sich die F\u00fc\u00dfe darunter trocken anf\u00fchlen oder nicht! Luftstrom\u00f6ffnungen sorgen auch f\u00fcr eine gute Bel\u00fcftung der Atmosph\u00e4re.<\/p>\n<p>Maximale Perforationen in der Zwischensohle erm\u00f6glichen beruhigenden Seitenwind und erfrischen den Innenraum. Ein offenes Zehenprofil verst\u00e4rkt diese nat\u00fcrliche Bel\u00fcftung dort, wo sie den F\u00fc\u00dfen am meisten zugute kommt. Das stabile und dennoch leichte Design sieht sowohl nass als auch trocken energiegeladen aus und sorgt sowohl bei Wasseraktivit\u00e4ten als auch bei Besorgungen f\u00fcr eine Spa-\u00e4hnliche Gelassenheit.<\/p>\n<p>Benutzer loben die angeborene Stabilit\u00e4t und die wohltuenden Massagen bei jedem Schritt auf dem Boden. Perfekt zum Baden, f\u00fcr die Gartenarbeit, am Pool oder als Alltagskleidung: Die neue Olive-Edition sorgt \u00fcberall dort, wo Feuchtigkeit eindringt, f\u00fcr nachhaltigen Tragekomfort.<\/p>\n<p>Pflegen Sie Ihre nat\u00fcrliche Umgebung und Ihre F\u00fc\u00dfe mit geerdeter Stabilit\u00e4t im Olive Bubble Slides. Erneuernde Feuchtigkeitszufuhr d\u00e4mpft jeden Schritt des erfrischenden Weges.<\/p>","protected":false},"excerpt":{"rendered":"<p>Bubble Slides &#8211; A Heavenly Experience for Your Feet Nurture Feet with Natural Comfort in the Olive Bubble Slides Bathroom Non-Slip Add an earthy element of protection to your hygiene routine with the Olive Bubble Slides Bathroom Non-Slip. Crafted from lightweight breathable EVA foam accented by a textured non-slip outsole grip, this organic olive green [&#8230;]\n","protected":false},"featured_media":7483,"comment_status":"open","ping_status":"closed","template":"","meta":[],"product_brand":[],"product_cat":[68,87],"product_tag":[84],"class_list":{"0":"post-7479","1":"product","2":"type-product","3":"status-publish","4":"has-post-thumbnail","6":"product_cat-green-bubble-slides","7":"product_cat-bubble-slides-bathroom-non-slip-series","8":"product_tag-bubble-slides","10":"first","11":"instock","12":"sale","13":"shipping-taxable","14":"purchasable","15":"product-type-variable","16":"has-default-attributes"},"_links":{"self":[{"href":"https:\/\/bubbleslides.us\/de\/wp-json\/wp\/v2\/product\/7479","targetHints":{"allow":["GET"]}}],"collection":[{"href":"https:\/\/bubbleslides.us\/de\/wp-json\/wp\/v2\/product"}],"about":[{"href":"https:\/\/bubbleslides.us\/de\/wp-json\/wp\/v2\/types\/product"}],"replies":[{"embeddable":true,"href":"https:\/\/bubbleslides.us\/de\/wp-json\/wp\/v2\/comments?post=7479"}],"wp:featuredmedia":[{"embeddable":true,"href":"https:\/\/bubbleslides.us\/de\/wp-json\/wp\/v2\/media\/7483"}],"wp:attachment":[{"href":"https:\/\/bubbleslides.us\/de\/wp-json\/wp\/v2\/media?parent=7479"}],"wp:term":[{"taxonomy":"product_brand","embeddable":true,"href":"https:\/\/bubbleslides.us\/de\/wp-json\/wp\/v2\/product_brand?post=7479"},{"taxonomy":"product_cat","embeddable":true,"href":"https:\/\/bubbleslides.us\/de\/wp-json\/wp\/v2\/product_cat?post=7479"},{"taxonomy":"product_tag","embeddable":true,"href":"https:\/\/bubbleslides.us\/de\/wp-json\/wp\/v2\/product_tag?post=7479"}],"curies":[{"name":"wp","href":"https:\/\/api.w.org\/{rel}","templated":true}]}}