{"id":7470,"date":"2023-08-16T12:23:23","date_gmt":"2023-08-16T12:23:23","guid":{"rendered":"https:\/\/bubbleslides.us\/?post_type=product&#038;p=7470"},"modified":"2025-10-07T03:01:26","modified_gmt":"2025-10-07T03:01:26","slug":"bubble-slides-badezimmer-rutschfest-black-edition","status":"publish","type":"product","link":"https:\/\/bubbleslides.us\/de\/bubble-slides-badezimmer-rutschfest-black-edition\/","title":{"rendered":"Bubble Slides Badezimmer Rutschfest Black Edition"},"content":{"rendered":"<h5>Bubble Slides \u2013 Ein himmlisches Erlebnis f\u00fcr Ihre F\u00fc\u00dfe<\/h5>\n<p>Bleiben Sie auf jeder Oberfl\u00e4che sicher mit der rutschfesten Badezimmer-Black-Edition<\/p>\n<p>Mit der rutschfesten Bubble Slides Bathroom Non-Slip Black Edition sind Sie \u00fcberall dort sicher unterwegs, wo es viel Wasser gibt. Diese vielseitigen Badelatschen aus leichtem EVA-Schaum und strukturierter Au\u00dfensohle machen das Baden und dar\u00fcber hinaus zu einem sicheren Vergn\u00fcgen.<\/p>\n<p>Ein stromlinienf\u00f6rmiger Mitternachtsfarbton zeugt von eleganter Eleganz und bleibt dabei anmutig dezent. Innen umh\u00fcllt ein weiches Satinfutter die F\u00fc\u00dfe mit anschmiegsamer Weichheit und sorgt f\u00fcr absoluten Polsterkomfort.<\/p>\n<p>Ein elastischer Riemen h\u00e4lt jeden Fu\u00df sicher und dennoch flexibel. Abgeschr\u00e4gte Fersenstabilisatoren erg\u00e4nzen die hervorragende Fu\u00dfgew\u00f6lbeunterst\u00fctzung durch die Polsterung mit doppelter Dichte. St\u00f6\u00dfe werden sanft absorbiert, um erm\u00fcdende F\u00fc\u00dfe zu sch\u00fctzen.<\/p>\n<p>St\u00fctzende dreieckige Gumminoppen bedecken die gesamte Au\u00dfensohle und sorgen f\u00fcr beispiellosen Halt auf nassen Oberfl\u00e4chen. Dank tiefer Rillen, die das Wasser schnell ableiten, bleibt der Spa\u00df in Dusche, Wanne und \u00dcberschwemmung stressfrei. Die rutschfesten Eigenschaften sind auch auf trockenen Oberfl\u00e4chen wie Fliesen- oder Holzb\u00f6den hervorragend.<\/p>\n<p>Maximale Perforationen im angenehm atmungsaktiven Material halten die F\u00fc\u00dfe auch bei spritzigen Eskapaden oder dampfenden Sessions k\u00fchl und trocken. Ein offenes Zehenprofil erm\u00f6glicht eine luftige Bel\u00fcftung, die Feuchtigkeit ableitet. Strukturierte Traktionslaufsohlen bieten Halt auf jeder Oberfl\u00e4che, ob nass oder trocken.<\/p>\n<p>Prominente und Millionen loben Bubble Slides f\u00fcr seine angenehme Polsterung und zuverl\u00e4ssige Unterst\u00fctzung unter allen Bedingungen. Jetzt verbessert die Badezimmer-Antirutsch-Schwarze-Edition die Sicherheit in der Dusche, der Badewanne und anderswo mit begehrtem Komfort in einem regenfesten Pep.<\/p>\n<p>Genie\u00dfen Sie zuverl\u00e4ssige Stabilit\u00e4t und sorgenfreien Luxus, egal wohin nasse Abenteuer Sie f\u00fchren. Der durchdachte Grip sorgt bei jedem Schritt f\u00fcr Sicherheit und Entspannung.<\/p>","protected":false},"excerpt":{"rendered":"<p>Bubble Slides &#8211; A Heavenly Experience for Your Feet Keep Secure on Any Surface with the Bathroom Non-Slip Black Edition Ensure safe steps wherever water abounds with the non-slip Bubble Slides Bathroom Non-Slip Black Edition. Crafted from lightweight EVA foam coupled with a textured outsole grip, these versatile slides make bath time and beyond securely [&#8230;]\n","protected":false},"featured_media":7473,"comment_status":"open","ping_status":"closed","template":"","meta":[],"product_brand":[],"product_cat":[62,87],"product_tag":[84],"class_list":{"0":"post-7470","1":"product","2":"type-product","3":"status-publish","4":"has-post-thumbnail","6":"product_cat-black-bubble-slides","7":"product_cat-bubble-slides-bathroom-non-slip-series","8":"product_tag-bubble-slides","10":"first","11":"instock","12":"sale","13":"shipping-taxable","14":"purchasable","15":"product-type-variable","16":"has-default-attributes"},"_links":{"self":[{"href":"https:\/\/bubbleslides.us\/de\/wp-json\/wp\/v2\/product\/7470","targetHints":{"allow":["GET"]}}],"collection":[{"href":"https:\/\/bubbleslides.us\/de\/wp-json\/wp\/v2\/product"}],"about":[{"href":"https:\/\/bubbleslides.us\/de\/wp-json\/wp\/v2\/types\/product"}],"replies":[{"embeddable":true,"href":"https:\/\/bubbleslides.us\/de\/wp-json\/wp\/v2\/comments?post=7470"}],"wp:featuredmedia":[{"embeddable":true,"href":"https:\/\/bubbleslides.us\/de\/wp-json\/wp\/v2\/media\/7473"}],"wp:attachment":[{"href":"https:\/\/bubbleslides.us\/de\/wp-json\/wp\/v2\/media?parent=7470"}],"wp:term":[{"taxonomy":"product_brand","embeddable":true,"href":"https:\/\/bubbleslides.us\/de\/wp-json\/wp\/v2\/product_brand?post=7470"},{"taxonomy":"product_cat","embeddable":true,"href":"https:\/\/bubbleslides.us\/de\/wp-json\/wp\/v2\/product_cat?post=7470"},{"taxonomy":"product_tag","embeddable":true,"href":"https:\/\/bubbleslides.us\/de\/wp-json\/wp\/v2\/product_tag?post=7470"}],"curies":[{"name":"wp","href":"https:\/\/api.w.org\/{rel}","templated":true}]}}