{"id":7468,"date":"2023-08-16T12:12:50","date_gmt":"2023-08-16T12:12:50","guid":{"rendered":"https:\/\/bubbleslides.us\/?post_type=product&#038;p=7468"},"modified":"2025-10-07T02:59:41","modified_gmt":"2025-10-07T02:59:41","slug":"werten-sie-jedes-outfit-mit-der-bubble-slides-custom-pearl-decorated-black-edition-auf","status":"publish","type":"product","link":"https:\/\/bubbleslides.us\/de\/werten-sie-jedes-outfit-mit-der-bubble-slides-custom-pearl-decorated-black-edition-auf\/","title":{"rendered":"Werten Sie jedes Outfit mit der Bubble Slides Custom Pearl Decorated Black Edition auf"},"content":{"rendered":"<h5>Bubble Slides \u2013 Ein himmlisches Erlebnis f\u00fcr Ihre F\u00fc\u00dfe<\/h5>\n<p>Werten Sie jedes Outfit mit der Bubble Slides Custom Pearl Decorated Black Edition auf<\/p>\n<p>Verfeinern Sie Ihren Stil mit anspruchsvoller Unterst\u00fctzung in der Bubble Slides Custom Pearl Decorated Black Edition. Diese vielseitigen Pantoletten sind aus leichtem EVA-Schaumstoff gefertigt und mit schimmernden Perlen verziert und setzen \u00fcberall ein erstklassiges Statement.<\/p>\n<p>Eine mitternachtsschwarze Basis setzt schwebende Akzente, die wie ein Sternenhimmel gl\u00e4nzen. Schillernde Perlenpunkte verstreuen sich in wiederkehrenden Mustern und fangen bei jeder Bewegung und jedem Schritt Licht ein. Im Inneren umschlie\u00dft ein weiches Satinfutter die F\u00fc\u00dfe mit butterweicher Weichheit, die die ganze Saison \u00fcber f\u00fcr absoluten Komfort sorgt.<\/p>\n<p>Ein elastischer Riemen sorgt f\u00fcr die perfekte, verstellbare Passform, die sich nat\u00fcrlich an die Fu\u00dfkonturen anpasst. Die gepolsterte Fu\u00dfgew\u00f6lbeunterst\u00fctzung entsteht durch ein Dual-Density-Design, das das Gewicht gleichm\u00e4\u00dfig auf die Stufen verteilt. Ein festerer hinterer Bereich st\u00fctzt die Fersen beim Gehen, w\u00e4hrend eine weichere Zwischensohle St\u00f6\u00dfe absorbiert und die Vorfu\u00dfpolsterung vor Erm\u00fcdung sch\u00fctzt.<\/p>\n<p>Maximale Bel\u00fcftung h\u00e4lt die F\u00fc\u00dfe auch bei warmem Wetter k\u00fchl und trocken. Ein offenes Zehenprofil erm\u00f6glicht eine erfrischende Luftzirkulation, w\u00e4hrend strategische Perforationen in der Sohle den k\u00fchlenden Luftstrom maximieren. Mit ganzt\u00e4giger Haltbarkeit und eleganter Raffinesse passen diese Pantoletten sowohl elegant als auch leger.<\/p>\n<p>Prominente und Millionen Fans auf der ganzen Welt loben die Kombination aus luxuri\u00f6sem Komfort und Eleganz bei jedem Schritt. Mit gefeierten Kritiken, die ihre charakteristische leichte Struktur und Fu\u00dfgew\u00f6lbeunterst\u00fctzung loben, hat Bubble Slides eine treue Anh\u00e4ngerschaft aufgebaut. Jetzt bringen ein mitternachtsfarbener Lack und ein dezentes, himmlisches Glitzer-Dressing l\u00e4ssigen Luxus auf ein neues Niveau.<\/p>\n<p>Schl\u00fcpfen Sie in der Custom Pearl Decorated Black Edition in stressfreie Einfachheit und Komfort, wohin auch immer Ihr Tag f\u00fchrt. Die luxuri\u00f6se Polsterung eignet sich hervorragend f\u00fcr den Arbeits- oder Wochenendgebrauch mit zeitlosem Glanz.<\/p>","protected":false},"excerpt":{"rendered":"<p>Bubble Slides &#8211; A Heavenly Experience for Your Feet Elevate Every Outfit with the Bubble Slides Custom Pearl Decorated Black Edition Refine your style with sophisticated support in the Bubble Slides Custom Pearl Decorated Black Edition. Crafted from lightweight EVA foam and accessorized with shimmering pearl beads, these versatile slides make a premium statement wherever [&#8230;]\n","protected":false},"featured_media":7460,"comment_status":"open","ping_status":"closed","template":"","meta":[],"product_brand":[],"product_cat":[62,89],"product_tag":[84],"class_list":{"0":"post-7468","1":"product","2":"type-product","3":"status-publish","4":"has-post-thumbnail","6":"product_cat-black-bubble-slides","7":"product_cat-bubble-slides-with-charms","8":"product_tag-bubble-slides","10":"first","11":"instock","12":"sale","13":"shipping-taxable","14":"purchasable","15":"product-type-variable","16":"has-default-attributes"},"_links":{"self":[{"href":"https:\/\/bubbleslides.us\/de\/wp-json\/wp\/v2\/product\/7468","targetHints":{"allow":["GET"]}}],"collection":[{"href":"https:\/\/bubbleslides.us\/de\/wp-json\/wp\/v2\/product"}],"about":[{"href":"https:\/\/bubbleslides.us\/de\/wp-json\/wp\/v2\/types\/product"}],"replies":[{"embeddable":true,"href":"https:\/\/bubbleslides.us\/de\/wp-json\/wp\/v2\/comments?post=7468"}],"wp:featuredmedia":[{"embeddable":true,"href":"https:\/\/bubbleslides.us\/de\/wp-json\/wp\/v2\/media\/7460"}],"wp:attachment":[{"href":"https:\/\/bubbleslides.us\/de\/wp-json\/wp\/v2\/media?parent=7468"}],"wp:term":[{"taxonomy":"product_brand","embeddable":true,"href":"https:\/\/bubbleslides.us\/de\/wp-json\/wp\/v2\/product_brand?post=7468"},{"taxonomy":"product_cat","embeddable":true,"href":"https:\/\/bubbleslides.us\/de\/wp-json\/wp\/v2\/product_cat?post=7468"},{"taxonomy":"product_tag","embeddable":true,"href":"https:\/\/bubbleslides.us\/de\/wp-json\/wp\/v2\/product_tag?post=7468"}],"curies":[{"name":"wp","href":"https:\/\/api.w.org\/{rel}","templated":true}]}}