{"id":7457,"date":"2023-08-16T12:01:27","date_gmt":"2023-08-16T12:01:27","guid":{"rendered":"https:\/\/bubbleslides.us\/?post_type=product&#038;p=7457"},"modified":"2025-10-07T02:59:42","modified_gmt":"2025-10-07T02:59:42","slug":"bubble-slides-sonderanfertigung-in-perlmuttverzierter-weis-edition","status":"publish","type":"product","link":"https:\/\/bubbleslides.us\/de\/bubble-slides-sonderanfertigung-in-perlmuttverzierter-weis-edition\/","title":{"rendered":"Bubble Slides Custom Pearl Decorated White Edition"},"content":{"rendered":"<h5>Bubble Slides \u2013 Ein himmlisches Erlebnis f\u00fcr Ihre F\u00fc\u00dfe<\/h5>\n<p>Erfrischen Sie Ihren Sommer mit der Bubble Slides Custom Pearl Decorated White Edition<\/p>\n<p>Verkn\u00fcpfen Sie Luxus und Freizeit mit der elegant-effizienten Bubble Slides Custom Pearl Decorated White Edition. Diese aus leichtem EVA-Schaumstoff gefertigten und mit iris\u00e4hnlichen Perlenverzierungen akzentuierten Pantoletten tauchen Sie in den K\u00fcstenstil ein und erfrischen Sie bei jedem Schritt.<\/p>\n<p>Eine makellos wei\u00dfe Grundierung gl\u00e4nzt mit dem subtilen Glitzern perlmuttartiger Perlen, die zwischen weichen Konturen verstreut sind. Ihre nebligen Rosen- und Aqua-T\u00f6ne ver\u00e4ndern sich im Sonnenlicht und sorgen f\u00fcr einen Look, der die atmungsaktive Sch\u00f6nheit des Meereslebens einf\u00e4ngt. Im Inneren h\u00fcllt ein weiches Satinfutter die F\u00fc\u00dfe in die butterweiche Seide.<\/p>\n<p>Ein elastischer Riemen sorgt f\u00fcr die perfekte, flexible Passform und ist verstellbar f\u00fcr ganzt\u00e4gige Abenteuer oder entspanntes Faulenzen. Die gepolsterte Unterst\u00fctzung entsteht durch ein Dual-Density-Design, das das Gewicht gleichm\u00e4\u00dfig verteilt. Ein festerer hinterer Bereich unterst\u00fctzt beim Gehen, w\u00e4hrend eine weichere Vorfu\u00dfzone St\u00f6\u00dfe bei jedem Schritt absorbiert.<\/p>\n<p>Die Bel\u00fcftung f\u00f6rdert au\u00dferdem eine k\u00fchle, trockene Umgebung f\u00fcr aktive Sommer. Ein offenes Zehenprofil sorgt daf\u00fcr, dass sich die F\u00fc\u00dfe leicht und luftig anf\u00fchlen. Strategische Perforationen in der Sohle maximieren die Luftzirkulation, um W\u00e4rme und Feuchtigkeit schnell abzuleiten.<\/p>\n<p>Prominente und Fans loben diese Pantoletten gleicherma\u00dfen f\u00fcr ihre F\u00e4higkeit, Komfort und Stil auf wunderbare Weise zu vereinen. Bubble Slides hat sich eine treue Anh\u00e4ngerschaft aufgebaut, da Fans auf der ganzen Welt ihre gepolsterten, therapeutischen Naturprodukte Schritt f\u00fcr Schritt anpreisen.<\/p>\n<p>Jetzt steigern die raffinierten Details schillernder Akzente das Erlebnis. G\u00f6nnen Sie sich stressfreie Entspannung, egal wo Ihre Sommerpl\u00e4ne Sie hinf\u00fchren. Beruhigen Sie m\u00fcde F\u00fc\u00dfe mit erstklassigem Komfort, der so luxuri\u00f6s aussieht, wie er sich anf\u00fchlt.<\/p>","protected":false},"excerpt":{"rendered":"<p>Bubble Slides &#8211; A Heavenly Experience for Your Feet Refresh Your Summer with the Bubble Slides Custom Pearl Decorated White Edition Lace up luxury and leisure with the elegantly efficient Bubble Slides Custom Pearl Decorated White Edition. Crafted from lightweight EVA foam and accented with iris-like pearl embellishments, these slides immerse you in coastal style [&#8230;]\n","protected":false},"featured_media":7467,"comment_status":"open","ping_status":"closed","template":"","meta":[],"product_brand":[],"product_cat":[63,89],"product_tag":[84],"class_list":{"0":"post-7457","1":"product","2":"type-product","3":"status-publish","4":"has-post-thumbnail","6":"product_cat-white-bubble-slides","7":"product_cat-bubble-slides-with-charms","8":"product_tag-bubble-slides","10":"first","11":"instock","12":"sale","13":"shipping-taxable","14":"purchasable","15":"product-type-variable","16":"has-default-attributes"},"_links":{"self":[{"href":"https:\/\/bubbleslides.us\/de\/wp-json\/wp\/v2\/product\/7457","targetHints":{"allow":["GET"]}}],"collection":[{"href":"https:\/\/bubbleslides.us\/de\/wp-json\/wp\/v2\/product"}],"about":[{"href":"https:\/\/bubbleslides.us\/de\/wp-json\/wp\/v2\/types\/product"}],"replies":[{"embeddable":true,"href":"https:\/\/bubbleslides.us\/de\/wp-json\/wp\/v2\/comments?post=7457"}],"wp:featuredmedia":[{"embeddable":true,"href":"https:\/\/bubbleslides.us\/de\/wp-json\/wp\/v2\/media\/7467"}],"wp:attachment":[{"href":"https:\/\/bubbleslides.us\/de\/wp-json\/wp\/v2\/media?parent=7457"}],"wp:term":[{"taxonomy":"product_brand","embeddable":true,"href":"https:\/\/bubbleslides.us\/de\/wp-json\/wp\/v2\/product_brand?post=7457"},{"taxonomy":"product_cat","embeddable":true,"href":"https:\/\/bubbleslides.us\/de\/wp-json\/wp\/v2\/product_cat?post=7457"},{"taxonomy":"product_tag","embeddable":true,"href":"https:\/\/bubbleslides.us\/de\/wp-json\/wp\/v2\/product_tag?post=7457"}],"curies":[{"name":"wp","href":"https:\/\/api.w.org\/{rel}","templated":true}]}}