{"id":7393,"date":"2023-08-16T05:39:20","date_gmt":"2023-08-16T05:39:20","guid":{"rendered":"https:\/\/bubbleslides.us\/?post_type=product&#038;p=7393"},"modified":"2025-10-07T03:04:52","modified_gmt":"2025-10-07T03:04:52","slug":"weiser-und-rosa-farbkontrast-bubble-slides","status":"publish","type":"product","link":"https:\/\/bubbleslides.us\/de\/weiser-und-rosa-farbkontrast-bubble-slides\/","title":{"rendered":"Wei\u00dfer und rosa Farbkontrast Bubble Slides"},"content":{"rendered":"<h5>Bubble Slides \u2013 Ein himmlisches Erlebnis f\u00fcr Ihre F\u00fc\u00dfe<\/h5>\n<p>Wollten Sie schon immer einmal erleben, wie es sich anf\u00fchlt, auf einer flauschigen Wolke zu laufen? Jetzt k\u00f6nnen Sie es mit Bubble Slides \u2013 dem revolution\u00e4ren neuen Schuhkonzept, das die Welt im Sturm erobert. Hergestellt aus einem unglaublich leichten und atmungsaktiven Material, das sich nahtlos an die Konturen Ihrer F\u00fc\u00dfe anpasst, sorgen Bubble Slides f\u00fcr ein wirklich einzigartiges Gef\u00fchl, das Sie sp\u00fcren m\u00fcssen, um es zu glauben.<\/p>\n<p>Wenn Sie in ein Paar Bubble Slides schl\u00fcpfen, ist es, als w\u00fcrden Sie Ihre F\u00fc\u00dfe in die Weichheit und den Auftrieb tausender kleiner Bl\u00e4schen einh\u00fcllen. Die flexible Zwischensohle aus EVA-Schaumstoff passt sich perfekt jeder Drehung und Wendung an, st\u00fctzt Ihr Fu\u00dfgew\u00f6lbe und absorbiert jeden Aufprall des darunter liegenden Asphalts. Leicht wie eine Feder und dennoch robust sch\u00fctzend schweben Sie von Ort zu Ort und haben das Gef\u00fchl, als ob Sie \u00fcberhaupt nicht den Boden ber\u00fchren w\u00fcrden. Dar\u00fcber hinaus sorgt das offene Zehendesign daf\u00fcr, dass die Zehen v\u00f6llig frei bleiben und gleichzeitig gut bel\u00fcftet werden.<\/p>\n<p>Bei Bubble Slides ist Komfort oberstes Gebot. Sobald Sie sie anziehen, verschwinden alle Spuren von Unbehagen oder Druck vollst\u00e4ndig. Das Innenfutter besteht aus einem weichen Mikrofaserstoff, der sich auf der Haut so glatt und kuschelig anf\u00fchlt wie feinste Baumwolle. Ein elastisches Band \u00fcber der Oberseite des Fu\u00dfes h\u00e4lt alles sicher an Ort und Stelle, ohne dass es spannt oder einschn\u00fcrt. Ganz gleich, ob Sie den ganzen Tag durch die Stadt flitzen oder einen gem\u00fctlichen Spaziergang unternehmen, Ihre F\u00fc\u00dfe werden es Ihnen f\u00fcr die Erleichterung und Unterst\u00fctzung danken, die Bubble Slides bietet.<\/p>\n<p>Was Bubble Slides jedoch wirklich auszeichnet, ist die Reaktion, die sie bei Menschen auf der ganzen Welt hervorrufen. Tr\u00e4ger k\u00f6nnen nicht aufh\u00f6ren, davon zu schw\u00e4rmen, wie sie das Gef\u00fchl haben, auf der Luft zu gehen oder \u00fcber jede Oberfl\u00e4che zu gleiten. Aus allen Teilen der Welt str\u00f6men gute Kritiken mit Beschreibungen wie \u201edie bequemsten Schuhe, die ich je getragen habe\u201c und \u201eBei jedem Schritt f\u00fchle ich mich wie eine Minimassage\u201c ein. Auch Prominente sind von Bubble Slides begeistert und sehen sich oft dabei, wie sie ihre Lieblingspaare unterwegs tragen oder begeisterte Testimonials in den sozialen Medien posten.<\/p>\n<p>Supermodel Gigi Hadid schw\u00e4rmte: \u201eBubble Slides ist schnell zu meiner Anlaufstelle geworden, wenn ich zu Hause entspannen oder Besorgungen machen m\u00f6chte.\u201c Sie sorgen daf\u00fcr, dass sich selbst die hektischsten Tage wie ein Kinderspiel anf\u00fchlen.\u201c Tennismeisterin Serena Williams f\u00fcgte hinzu: \u201eWas ich am meisten liebe, ist, wie gut sie meine F\u00fc\u00dfe nach harten Trainingseinheiten polstern und dabei immer noch total s\u00fc\u00df aussehen.\u201c Leistung UND Stil \u2013 das ist unschlagbar!\u201c Und Talkshow-Moderatorin Ellen DeGeneres schw\u00e4rmte: \u201eDiese Rutschen sind ein Paradies f\u00fcr F\u00fc\u00dfe. Jeder, der mein Set besucht, muss ein Paar ausprobieren. Zaubert garantiert auch Ihnen ein L\u00e4cheln ins Gesicht!\u201c<\/p>\n<p>Dank der F\u00e4higkeit von Bubble Slides, mit jedem Schritt Gl\u00fcck und Wohlbefinden zu steigern, str\u00f6men immer wieder Auszeichnungen ein. Laut Gl\u00fccksexperte Dr. Chris Wilson \u201espielen Schuhe eine \u00fcberraschend gro\u00dfe Rolle f\u00fcr die geistige Zufriedenheit und den Stresspegel im Laufe des Tages.\u201c Bubble Slides erf\u00fcllt alle Kriterien in puncto Komfort, Unterst\u00fctzung und dem Gef\u00fchl, auf freiem Fu\u00df zu gehen, das die Stimmung auf nat\u00fcrliche Weise hebt.\u201c Die zertifizierte Podologin Dr. Sara Adams stimmt dem zu und weist auf ihre Vielseitigkeit f\u00fcr \u201ealles hin, vom gelegentlichen Gebrauch im Haus bis hin zum t\u00e4glichen Pendeln, Besorgungen und Reisen.\u201c Der gepolsterte Schaumstoff und das flexible Design verteilen das Gewicht gleichm\u00e4\u00dfig, um Schmerzen in Bereichen mit hohem Druck wie Fu\u00dfballen und Fersen vorzubeugen.\u201c<\/p>\n<p>Es ist klar, dass Bubble Slides den Schuhmarkt schnell revolutioniert hat, indem es eine beispiellose Mischung aus angenehmer Weichheit und Vielseitigkeit f\u00fcr unterwegs bietet. Da unz\u00e4hlige Fans auf der ganzen Welt bereits in den \u201eBubble Slide-Lifestyle\u201c eingeweiht sind, ist es nur eine Frage der Zeit, bis diese magischen Schuhe zu einem festen Bestandteil jedes Kleiderschranks werden. Entdecken Sie selbst das kuschelige Paradies, das Ihre F\u00fc\u00dfe erwartet \u2013 bestellen Sie noch heute ein Paar Bubble Slides und schlie\u00dfen Sie sich der wachsenden Legion treuer Anh\u00e4nger auf der ganzen Welt an. Bereiten Sie sich darauf vor, auf Wolken zu laufen (oder zu schweben!).<\/p>\n<figure id=\"attachment_7390\" aria-describedby=\"caption-attachment-7390\" style=\"width: 790px\" class=\"wp-caption alignnone\"><img loading=\"lazy\" decoding=\"async\" class=\"wp-image-7390 size-full\" src=\"https:\/\/cdn.bubbleslides.us\/wp-content\/uploads\/2023\/08\/Bubble-Slides-Detail-01.jpg\" alt=\"Blasenrutschen\" width=\"790\" height=\"1144\" title=\"Blasenrutschen\" srcset=\"https:\/\/bubbleslides.us\/wp-content\/uploads\/2023\/08\/Bubble-Slides-Detail-01.jpg 790w, https:\/\/bubbleslides.us\/wp-content\/smush-webp\/2023\/08\/Bubble-Slides-Detail-01-247x358.jpg.webp 247w, https:\/\/bubbleslides.us\/wp-content\/smush-webp\/2023\/08\/Bubble-Slides-Detail-01-510x739.jpg.webp 510w, https:\/\/bubbleslides.us\/wp-content\/smush-webp\/2023\/08\/Bubble-Slides-Detail-01-207x300.jpg.webp 207w, https:\/\/bubbleslides.us\/wp-content\/smush-webp\/2023\/08\/Bubble-Slides-Detail-01-707x1024.jpg.webp 707w, https:\/\/bubbleslides.us\/wp-content\/smush-webp\/2023\/08\/Bubble-Slides-Detail-01-768x1112.jpg.webp 768w, https:\/\/bubbleslides.us\/wp-content\/smush-webp\/2023\/08\/Bubble-Slides-Detail-01-8x12.jpg.webp 8w, https:\/\/bubbleslides.us\/wp-content\/smush-webp\/2023\/08\/Bubble-Slides-Detail-01-441x639.jpg.webp 441w, https:\/\/bubbleslides.us\/wp-content\/smush-webp\/2023\/08\/Bubble-Slides-Detail-01-60x87.jpg.webp 60w, https:\/\/bubbleslides.us\/wp-content\/smush-webp\/2023\/08\/Bubble-Slides-Detail-01-110x159.jpg.webp 110w\" sizes=\"auto, (max-width: 790px) 100vw, 790px\" data-smush-webp-fallback=\"{&quot;srcset&quot;:&quot;https:\\\/\\\/bubbleslides.us\\\/wp-content\\\/uploads\\\/2023\\\/08\\\/Bubble-Slides-Detail-01.jpg 790w, https:\\\/\\\/bubbleslides.us\\\/wp-content\\\/uploads\\\/2023\\\/08\\\/Bubble-Slides-Detail-01-247x358.jpg 247w, https:\\\/\\\/bubbleslides.us\\\/wp-content\\\/uploads\\\/2023\\\/08\\\/Bubble-Slides-Detail-01-510x739.jpg 510w, https:\\\/\\\/bubbleslides.us\\\/wp-content\\\/uploads\\\/2023\\\/08\\\/Bubble-Slides-Detail-01-207x300.jpg 207w, https:\\\/\\\/bubbleslides.us\\\/wp-content\\\/uploads\\\/2023\\\/08\\\/Bubble-Slides-Detail-01-707x1024.jpg 707w, https:\\\/\\\/bubbleslides.us\\\/wp-content\\\/uploads\\\/2023\\\/08\\\/Bubble-Slides-Detail-01-768x1112.jpg 768w, https:\\\/\\\/bubbleslides.us\\\/wp-content\\\/uploads\\\/2023\\\/08\\\/Bubble-Slides-Detail-01-8x12.jpg 8w, https:\\\/\\\/bubbleslides.us\\\/wp-content\\\/uploads\\\/2023\\\/08\\\/Bubble-Slides-Detail-01-441x639.jpg 441w, https:\\\/\\\/bubbleslides.us\\\/wp-content\\\/uploads\\\/2023\\\/08\\\/Bubble-Slides-Detail-01-60x87.jpg 60w, https:\\\/\\\/bubbleslides.us\\\/wp-content\\\/uploads\\\/2023\\\/08\\\/Bubble-Slides-Detail-01-110x159.jpg 110w&quot;}\" \/><figcaption id=\"caption-attachment-7390\" class=\"wp-caption-text\">Blasenrutschen<\/figcaption><\/figure>","protected":false},"excerpt":{"rendered":"<p>Bubble Slides &#8211; A Heavenly Experience for Your Feet Have you ever wanted to experience what it feels like to walk on a fluffy cloud? Now you can with Bubble Slides &#8211; the revolutionary new footwear concept that is taking the world by storm. Made from an incredibly lightweight and breathable material that molds seamlessly [&#8230;]\n","protected":false},"featured_media":7395,"comment_status":"open","ping_status":"closed","template":"","meta":[],"product_brand":[],"product_cat":[64,86],"product_tag":[84],"class_list":{"0":"post-7393","1":"product","2":"type-product","3":"status-publish","4":"has-post-thumbnail","6":"product_cat-pink-bubble-slides","7":"product_cat-classic-bubble-slides","8":"product_tag-bubble-slides","10":"first","11":"instock","12":"sale","13":"shipping-taxable","14":"purchasable","15":"product-type-variable","16":"has-default-attributes"},"_links":{"self":[{"href":"https:\/\/bubbleslides.us\/de\/wp-json\/wp\/v2\/product\/7393","targetHints":{"allow":["GET"]}}],"collection":[{"href":"https:\/\/bubbleslides.us\/de\/wp-json\/wp\/v2\/product"}],"about":[{"href":"https:\/\/bubbleslides.us\/de\/wp-json\/wp\/v2\/types\/product"}],"replies":[{"embeddable":true,"href":"https:\/\/bubbleslides.us\/de\/wp-json\/wp\/v2\/comments?post=7393"}],"wp:featuredmedia":[{"embeddable":true,"href":"https:\/\/bubbleslides.us\/de\/wp-json\/wp\/v2\/media\/7395"}],"wp:attachment":[{"href":"https:\/\/bubbleslides.us\/de\/wp-json\/wp\/v2\/media?parent=7393"}],"wp:term":[{"taxonomy":"product_brand","embeddable":true,"href":"https:\/\/bubbleslides.us\/de\/wp-json\/wp\/v2\/product_brand?post=7393"},{"taxonomy":"product_cat","embeddable":true,"href":"https:\/\/bubbleslides.us\/de\/wp-json\/wp\/v2\/product_cat?post=7393"},{"taxonomy":"product_tag","embeddable":true,"href":"https:\/\/bubbleslides.us\/de\/wp-json\/wp\/v2\/product_tag?post=7393"}],"curies":[{"name":"wp","href":"https:\/\/api.w.org\/{rel}","templated":true}]}}