{"id":7260,"date":"2023-08-12T12:11:16","date_gmt":"2023-08-12T12:11:16","guid":{"rendered":"https:\/\/bubbleslides.us\/?page_id=7260"},"modified":"2023-08-12T12:11:16","modified_gmt":"2023-08-12T12:11:16","slug":"ruckgaberecht","status":"publish","type":"page","link":"https:\/\/bubbleslides.us\/de\/ruckgaberecht\/","title":{"rendered":"R\u00fcckgabe- und R\u00fcckerstattungsrichtlinie"},"content":{"rendered":"<p>Bubbleslides hat ein 30-t\u00e4giges R\u00fcckgaberecht, was bedeutet, dass Sie nach Erhalt Ihres Artikels 30 Tage Zeit haben, um eine R\u00fcckgabe zu beantragen.<\/p>\n<p>Um Anspruch auf eine R\u00fcckgabe zu haben, muss sich Ihr Artikel in demselben Zustand befinden, in dem Sie ihn erhalten haben, ungetragen oder unbenutzt, mit Etiketten und in der Originalverpackung. Sie ben\u00f6tigen au\u00dferdem die Quittung oder den Kaufbeleg.<\/p>\n<p>Um eine R\u00fccksendung zu veranlassen, k\u00f6nnen Sie uns unter kontaktieren <a href=\"mailto:service@bubbleslides.us\">service@bubbleslides.us<\/a>. Wenn Ihre R\u00fccksendung angenommen wird, senden wir Ihnen ein R\u00fccksendeetikett sowie Anweisungen, wie und wohin Sie Ihr Paket senden sollen. Artikel, die ohne vorherige R\u00fccksendung an uns zur\u00fcckgesendet werden, werden nicht angenommen.<\/p>\n<p>Bei R\u00fccksendefragen k\u00f6nnen Sie uns jederzeit unter kontaktieren\u00a0<a href=\"mailto:service@bubbleslides.us\">service@bubbleslides.us<\/a><\/p>\n<p><strong>Sch\u00e4den und Probleme<\/strong><br \/>\nBitte \u00fcberpr\u00fcfen Sie Ihre Bestellung nach Erhalt und kontaktieren Sie uns umgehend, wenn der Artikel defekt oder besch\u00e4digt ist oder Sie den falschen Artikel erhalten haben, damit wir das Problem beurteilen und Abhilfe schaffen k\u00f6nnen.<\/p>\n<p><strong>Ausnahmen\/vom Umtausch ausgeschlossene Artikel<\/strong><br \/>\nBestimmte Arten von Artikeln k\u00f6nnen nicht zur\u00fcckgegeben werden, z. B. verderbliche Waren (z. B. Lebensmittel, Blumen oder Pflanzen), ma\u00dfgeschneiderte Produkte (z. B. Sonderbestellungen oder personalisierte Artikel) und K\u00f6rperpflegeprodukte (z. B. Sch\u00f6nheitsprodukte). Wir akzeptieren auch keine R\u00fccksendungen f\u00fcr gef\u00e4hrliche Materialien, brennbare Fl\u00fcssigkeiten oder Gase. Bitte kontaktieren Sie uns, wenn Sie Fragen oder Bedenken zu Ihrem spezifischen Artikel haben.<\/p>\n<p>Leider k\u00f6nnen wir keine R\u00fccksendungen von Sale-Artikeln oder Geschenkgutscheinen akzeptieren.<\/p>\n<p><strong>Austausch<\/strong><br \/>\nDer schnellste Weg, um sicherzustellen, dass Sie das bekommen, was Sie wollen, besteht darin, den Artikel, den Sie haben, zur\u00fcckzugeben und nach Annahme der R\u00fccksendung einen separaten Kauf f\u00fcr den neuen Artikel zu t\u00e4tigen.<\/p>\n<p><strong>R\u00fcckerstattungen<\/strong><br \/>\nWir werden Sie benachrichtigen, sobald wir Ihre R\u00fccksendung erhalten und gepr\u00fcft haben, und Ihnen mitteilen, ob die R\u00fcckerstattung genehmigt wurde oder nicht. Im Falle einer Genehmigung erhalten Sie eine R\u00fccksendeadresse und die R\u00fcckerstattung erfolgt automatisch \u00fcber Ihre urspr\u00fcngliche Zahlungsmethode, sobald wir den R\u00fccksendeartikel erhalten haben. Bitte beachten Sie, dass es einige Zeit dauern kann, bis Ihre Bank oder Ihr Kreditkartenunternehmen die R\u00fcckerstattung bearbeitet und verbucht.<\/p>","protected":false},"excerpt":{"rendered":"<p>Bubbleslides have a 30-day\u00a0return policy, which means you have 30 days after receiving your item to request a return. To be eligible for a return, your item must be in the same condition that you received it, unworn or unused, with tags, and in its original packaging. You\u2019ll also need the receipt or proof of [&#8230;]\n","protected":false},"author":1,"featured_media":0,"parent":0,"menu_order":0,"comment_status":"closed","ping_status":"closed","template":"","meta":{"footnotes":""},"class_list":["post-7260","page","type-page","status-publish","hentry"],"_links":{"self":[{"href":"https:\/\/bubbleslides.us\/de\/wp-json\/wp\/v2\/pages\/7260","targetHints":{"allow":["GET"]}}],"collection":[{"href":"https:\/\/bubbleslides.us\/de\/wp-json\/wp\/v2\/pages"}],"about":[{"href":"https:\/\/bubbleslides.us\/de\/wp-json\/wp\/v2\/types\/page"}],"author":[{"embeddable":true,"href":"https:\/\/bubbleslides.us\/de\/wp-json\/wp\/v2\/users\/1"}],"replies":[{"embeddable":true,"href":"https:\/\/bubbleslides.us\/de\/wp-json\/wp\/v2\/comments?post=7260"}],"version-history":[{"count":0,"href":"https:\/\/bubbleslides.us\/de\/wp-json\/wp\/v2\/pages\/7260\/revisions"}],"wp:attachment":[{"href":"https:\/\/bubbleslides.us\/de\/wp-json\/wp\/v2\/media?parent=7260"}],"curies":[{"name":"wp","href":"https:\/\/api.w.org\/{rel}","templated":true}]}}