{"id":7258,"date":"2023-08-12T12:09:35","date_gmt":"2023-08-12T12:09:35","guid":{"rendered":"https:\/\/bubbleslides.us\/?page_id=7258"},"modified":"2023-08-16T23:24:37","modified_gmt":"2023-08-16T23:24:37","slug":"versand-und-sendungsverfolgung","status":"publish","type":"page","link":"https:\/\/bubbleslides.us\/de\/versand-und-sendungsverfolgung\/","title":{"rendered":"Versand und Sendungsverfolgung"},"content":{"rendered":"<h4 class=\"wp-block-heading\">\u00a0<\/h4>\r\n\r\n\r\n\r\n<p><em>Aktualisiert am 12. August 2023<\/em> Bei\u00a0<strong><a href=\"https:\/\/bubbleslides.us\/de\/\" target=\"_blank\" rel=\"noreferrer noopener\" data-type=\"URL\" data-id=\"https:\/\/fandomgears.com\/\">Blasenrutschen<\/a><\/strong>Wir pr\u00fcfen st\u00e4ndig, wie wir unsere Abl\u00e4ufe optimieren k\u00f6nnen, um die Erwartungen unserer Kunden zu erf\u00fcllen.<\/p>\r\n<p>&nbsp;<\/p>\r\n<p>&nbsp;<\/p>\r\n<h4>So verfolgen Sie meine Bestellung<\/h4>\r\n<p class=\"wp-block-heading\"><em>Bitte besuchen Sie uns <a href=\"https:\/\/724track.com\" target=\"_blank\" rel=\"noopener\"><strong>724track.com<\/strong> <\/a>und geben Sie Ihre Sendungsverfolgungsnummer (YT********) ein, um Ihren Paketstatus zu erhalten.<\/em><\/p>\r\n\r\n\r\n\r\n<h4 class=\"wp-block-heading\">Versandgeb\u00fchr<\/h4>\r\n\r\n\r\n\r\n<p>Wenn die Bestellung kleiner ist als\u00a0<strong>$15<\/strong>, eine Versandkostenpauschale von\u00a0<strong>$4.95<\/strong>\u00a0wird in Rechnung gestellt. \u00dcber\u00a0<strong>$15<\/strong>,\u00a0<strong>Kostenloser Versand<\/strong> wird genossen werden<\/p>\r\n\r\n\r\n\r\n\r\n\r\n\r\n\r\n<h4 class=\"wp-block-heading\">Versandplan<\/h4>\r\n\r\n\r\n\r\n<p>Sobald das Paket zugestellt wurde, wird in Ihrem Postfach eine Benachrichtigungs-E-Mail angezeigt. Die darin enthaltene Sendungsverfolgungsnummer verfolgt den aktuellen Status des Pakets. In den meisten L\u00e4ndern oder an Ihrem Standort dauert es normalerweise\u00a0<strong>7<\/strong><strong> bis 15<\/strong>\u00a0nat\u00fcrliche Tage, bis das Paket ankommt.<\/p>\r\n\r\n\r\n\r\n<figure class=\"wp-block-table\">\r\n<table>\r\n<tbody>\r\n<tr>\r\n<th>Land<\/th>\r\n<th>\u00a0Gesch\u00e4tzte Lieferzeit<\/th>\r\n<\/tr>\r\n<tr>\r\n<td>Vereinigte Staaten<\/td>\r\n<td>7-15 Werktage<\/td>\r\n<\/tr>\r\n<tr>\r\n<td>Kanada<\/td>\r\n<td>7-15 Werktage<\/td>\r\n<\/tr>\r\n<tr>\r\n<td>Australien<\/td>\r\n<td>8-15 Werktage<\/td>\r\n<\/tr>\r\n<tr>\r\n<td>Gro\u00dfbritannien<\/td>\r\n<td>7-15 Werktage<\/td>\r\n<\/tr>\r\n<tr>\r\n<td>Frankreich<\/td>\r\n<td>7-15 Werktage<\/td>\r\n<\/tr>\r\n<tr>\r\n<td>Deutschland<\/td>\r\n<td>7-15 Werktage<\/td>\r\n<\/tr>\r\n<tr>\r\n<td>Italien<\/td>\r\n<td>7-15 Werktage<\/td>\r\n<\/tr>\r\n<tr>\r\n<td>Spanien<\/td>\r\n<td>7-15 Werktage<\/td>\r\n<\/tr>\r\n<tr>\r\n<td>Niederlande<\/td>\r\n<td>7-15 Werktage<\/td>\r\n<\/tr>\r\n<tr>\r\n<td>Belgien<\/td>\r\n<td>7-15 Werktage<\/td>\r\n<\/tr>\r\n<tr>\r\n<td>Luxemburg<\/td>\r\n<td>7-15 Werktage<\/td>\r\n<\/tr>\r\n<tr>\r\n<td>Irland<\/td>\r\n<td>7-15 Werktage<\/td>\r\n<\/tr>\r\n<tr>\r\n<td>Bulgarien<\/td>\r\n<td>7-15 Werktage<\/td>\r\n<\/tr>\r\n<tr>\r\n<td>Kroatien<\/td>\r\n<td>7-15 Werktage<\/td>\r\n<\/tr>\r\n<tr>\r\n<td>Tschechien<\/td>\r\n<td>7-15 Werktage<\/td>\r\n<\/tr>\r\n<tr>\r\n<td>Estland<\/td>\r\n<td>7-15 Werktage<\/td>\r\n<\/tr>\r\n<tr>\r\n<td>Finnland<\/td>\r\n<td>7-15 Werktage<\/td>\r\n<\/tr>\r\n<tr>\r\n<td>Ungarn<\/td>\r\n<td>7-15 Werktage<\/td>\r\n<\/tr>\r\n<tr>\r\n<td>Lettland<\/td>\r\n<td>7-15 Werktage<\/td>\r\n<\/tr>\r\n<tr>\r\n<td>Litauen<\/td>\r\n<td>7-15 Werktage<\/td>\r\n<\/tr>\r\n<tr>\r\n<td>Polen<\/td>\r\n<td>7-15 Werktage<\/td>\r\n<\/tr>\r\n<tr>\r\n<td>Portugal<\/td>\r\n<td>7-15 Werktage<\/td>\r\n<\/tr>\r\n<tr>\r\n<td>Rum\u00e4nien<\/td>\r\n<td>7-15 Werktage<\/td>\r\n<\/tr>\r\n<tr>\r\n<td>Slowakei<\/td>\r\n<td>7-15 Werktage<\/td>\r\n<\/tr>\r\n<tr>\r\n<td>Slowenien<\/td>\r\n<td>7-15 Werktage<\/td>\r\n<\/tr>\r\n<tr>\r\n<td>Schweden<\/td>\r\n<td>7-15 Werktage<\/td>\r\n<\/tr>\r\n<tr>\r\n<td>\u00d6sterreich<\/td>\r\n<td>7-15 Werktage<\/td>\r\n<\/tr>\r\n<tr>\r\n<td>D\u00e4nemark<\/td>\r\n<td>7-15 Werktage<\/td>\r\n<\/tr>\r\n<tr>\r\n<td>Griechenland<\/td>\r\n<td>7-15 Werktage<\/td>\r\n<\/tr>\r\n<tr>\r\n<td>Norwegen<\/td>\r\n<td>8-14 Werktage<\/td>\r\n<\/tr>\r\n<tr>\r\n<td>Israel<\/td>\r\n<td>7-15 Werktage<\/td>\r\n<\/tr>\r\n<tr>\r\n<td>Neuseeland<\/td>\r\n<td>12\u201325 Werktage<\/td>\r\n<\/tr>\r\n<\/tbody>\r\n<\/table>\r\n<\/figure>","protected":false},"excerpt":{"rendered":"<p>\u00a0 Updated on\u00a0 Aug 12, 2023 At\u00a0Bubbleslides, we are always evaluating how to optimize our operations to meet our customers\u2019 expectations. &nbsp; &nbsp; How to Track my order Pls visit 724track.com and input your tracking number ( YT********) , you can get your package status. Shipping Fee If the oder is less than\u00a0$15, a shipping [&#8230;]\n","protected":false},"author":1,"featured_media":0,"parent":0,"menu_order":0,"comment_status":"closed","ping_status":"closed","template":"","meta":{"footnotes":""},"class_list":["post-7258","page","type-page","status-publish","hentry"],"_links":{"self":[{"href":"https:\/\/bubbleslides.us\/de\/wp-json\/wp\/v2\/pages\/7258","targetHints":{"allow":["GET"]}}],"collection":[{"href":"https:\/\/bubbleslides.us\/de\/wp-json\/wp\/v2\/pages"}],"about":[{"href":"https:\/\/bubbleslides.us\/de\/wp-json\/wp\/v2\/types\/page"}],"author":[{"embeddable":true,"href":"https:\/\/bubbleslides.us\/de\/wp-json\/wp\/v2\/users\/1"}],"replies":[{"embeddable":true,"href":"https:\/\/bubbleslides.us\/de\/wp-json\/wp\/v2\/comments?post=7258"}],"version-history":[{"count":0,"href":"https:\/\/bubbleslides.us\/de\/wp-json\/wp\/v2\/pages\/7258\/revisions"}],"wp:attachment":[{"href":"https:\/\/bubbleslides.us\/de\/wp-json\/wp\/v2\/media?parent=7258"}],"curies":[{"name":"wp","href":"https:\/\/api.w.org\/{rel}","templated":true}]}}